{"id":161,"date":"2025-08-25T23:11:55","date_gmt":"2025-08-25T23:11:55","guid":{"rendered":"https:\/\/heimomuseo.fi\/?page_id=161"},"modified":"2025-08-26T01:25:19","modified_gmt":"2025-08-26T01:25:19","slug":"yhteystiedot-ja-sijainti","status":"publish","type":"page","link":"https:\/\/heimomuseo.fi\/index.php\/yhteystiedot-ja-sijainti\/","title":{"rendered":"Yhteystiedot ja sijainti"},"content":{"rendered":"\n<p class=\"has-text-align-center has-primary-color has-text-color has-link-color has-large-font-size wp-elements-b02783df98800b897125f9adc5485d5b\" style=\"text-transform:uppercase\"><strong>Heimomuseo<\/strong><\/p>\n\n\n\n<p class=\"has-text-align-center\">Puikonkuja 20, 98400 ISOKYL\u00c4<br>Auki <strong>klo 12 &#8211; 20<\/strong> joka p\u00e4iv\u00e4<\/p>\n\n\n\n<p class=\"has-text-align-center has-small-font-size\">Museoon saa tulla my\u00f6s ilman k\u00e4ynti-ilmoitusta, mutta on toivottavaa, ett\u00e4 kirjoitatte etuk\u00e4teen<br><strong>parkkinen.susanna@gmail.com<\/strong><\/p>\n\n\n\n<div class=\"wp-block-columns is-layout-flex wp-container-core-columns-is-layout-28f84493 wp-block-columns-is-layout-flex\">\n<div class=\"wp-block-column is-layout-flow wp-block-column-is-layout-flow\" style=\"flex-basis:15%\"><\/div>\n\n\n\n<div class=\"wp-block-column #map_container {  width: 100%; height: 500px; \/* \u0418\u043b\u0438 \u043b\u044e\u0431\u0430\u044f \u0434\u0440\u0443\u0433\u0430\u044f \u0432\u044b\u0441\u043e\u0442\u0430 *\/ margin: 0 auto; \u0414\u043b\u044f \u0446\u0435\u043d\u0442\u0440\u0438\u0440\u043e\u0432\u0430\u043d\u0438\u044f } is-layout-flow wp-block-column-is-layout-flow\" style=\"flex-basis:70%\">\n<div><iframe src=\"https:\/\/www.google.com\/maps\/embed?pb=!1m18!1m12!1m3!1d1576.6101964208358!2d27.612818077224958!3d66.72414699879364!2m3!1f0!2f0!3f0!3m2!1i1024!2i768!4f13.1!3m3!1m2!1s0x442c88e7a47bf777%3A0xeb20dedcaf5e8e2a!2sPuikonkuja%2020%2C%2098400%20Puikkola!5e0!3m2!1sru!2sfi!4v1756163409092!5m2!1sru!2sfi\" width=\"100%\" height=\"600\" align=\"center\" style=\"border:0;\" allowfullscreen=\"\" loading=\"lazy\" referrerpolicy=\"no-referrer-when-downgrade\"><\/iframe><\/div>\n<\/div>\n\n\n\n<div class=\"wp-block-column is-layout-flow wp-block-column-is-layout-flow\" style=\"flex-basis:15%\"><\/div>\n<\/div>\n\n\n\n<div class=\"wp-block-columns alignwide is-layout-flex wp-container-core-columns-is-layout-28f84493 wp-block-columns-is-layout-flex\">\n<div class=\"wp-block-column is-layout-flow wp-block-column-is-layout-flow\"><\/div>\n<\/div>\n\n\n\n<p><\/p>\n","protected":false},"excerpt":{"rendered":"<p>Heimomuseo Puikonkuja 20, 98400 ISOKYL\u00c4Auki klo 12 &#8211; 20 joka p\u00e4iv\u00e4 Museoon saa tulla my\u00f6s ilman k\u00e4ynti-ilmoitusta, mutta on toivottavaa, ett\u00e4 kirjoitatte etuk\u00e4teenparkkinen.susanna@gmail.com<\/p>\n","protected":false},"author":1,"featured_media":0,"parent":0,"menu_order":0,"comment_status":"closed","ping_status":"closed","template":"","meta":{"footnotes":""},"class_list":["post-161","page","type-page","status-publish","hentry"],"_links":{"self":[{"href":"https:\/\/heimomuseo.fi\/index.php\/wp-json\/wp\/v2\/pages\/161","targetHints":{"allow":["GET"]}}],"collection":[{"href":"https:\/\/heimomuseo.fi\/index.php\/wp-json\/wp\/v2\/pages"}],"about":[{"href":"https:\/\/heimomuseo.fi\/index.php\/wp-json\/wp\/v2\/types\/page"}],"author":[{"embeddable":true,"href":"https:\/\/heimomuseo.fi\/index.php\/wp-json\/wp\/v2\/users\/1"}],"replies":[{"embeddable":true,"href":"https:\/\/heimomuseo.fi\/index.php\/wp-json\/wp\/v2\/comments?post=161"}],"version-history":[{"count":15,"href":"https:\/\/heimomuseo.fi\/index.php\/wp-json\/wp\/v2\/pages\/161\/revisions"}],"predecessor-version":[{"id":225,"href":"https:\/\/heimomuseo.fi\/index.php\/wp-json\/wp\/v2\/pages\/161\/revisions\/225"}],"wp:attachment":[{"href":"https:\/\/heimomuseo.fi\/index.php\/wp-json\/wp\/v2\/media?parent=161"}],"curies":[{"name":"wp","href":"https:\/\/api.w.org\/{rel}","templated":true}]}}